{"id":8305,"date":"2020-04-07T16:50:27","date_gmt":"2020-04-07T14:50:27","guid":{"rendered":"https:\/\/judo-holzhausen.de\/2025\/?page_id=8305"},"modified":"2021-03-19T11:47:48","modified_gmt":"2021-03-19T10:47:48","slug":"datenschutz","status":"publish","type":"page","link":"https:\/\/judo-holzhausen.de\/2025\/datenschutz\/","title":{"rendered":"Datenschutz"},"content":{"rendered":"<div id='av_section_1'  class='avia-section av-k8q0wvgh-26786598054c81d34829ac8cddce54cb main_color avia-section-huge avia-no-border-styling  avia-builder-el-0  avia-builder-el-no-sibling  avia-bg-style-scroll container_wrap fullsize'  ><div class='container av-section-cont-open' ><main  role=\"main\" itemprop=\"mainContentOfPage\"  class='template-page content  av-content-full alpha units'><div class='post-entry post-entry-type-page post-entry-8305'><div class='entry-content-wrapper clearfix'>\n\n<style type=\"text\/css\" data-created_by=\"avia_inline_auto\" id=\"style-css-av-kmg6hxz6-b69f435f0a12728c79da6c453724ce24\">\n#top .av-special-heading.av-kmg6hxz6-b69f435f0a12728c79da6c453724ce24{\npadding-bottom:10px;\n}\nbody .av-special-heading.av-kmg6hxz6-b69f435f0a12728c79da6c453724ce24 .av-special-heading-tag .heading-char{\nfont-size:25px;\n}\n.av-special-heading.av-kmg6hxz6-b69f435f0a12728c79da6c453724ce24 .av-subheading{\nfont-size:15px;\n}\n\n@media only screen and (max-width: 479px){ \n#top #wrap_all .av-special-heading.av-kmg6hxz6-b69f435f0a12728c79da6c453724ce24 .av-special-heading-tag{\nfont-size:20px;\n}\n}\n<\/style>\n<div  class='av-special-heading av-kmg6hxz6-b69f435f0a12728c79da6c453724ce24 av-special-heading-h1 blockquote modern-quote  avia-builder-el-1  el_before_av_hr  avia-builder-el-first '><h1 class='av-special-heading-tag '  itemprop=\"headline\"  >Datenschutzerkl\u00e4rung<\/h1><div class=\"special-heading-border\"><div class=\"special-heading-inner-border\"><\/div><\/div><\/div>\n<div  class='hr av-2hwugu-854a967d9da3b49d2f5ce7cd96dd07c0 hr-default  avia-builder-el-2  el_after_av_heading  el_before_av_one_full '><span class='hr-inner '><span class=\"hr-inner-style\"><\/span><\/span><\/div>\n\n<style type=\"text\/css\" data-created_by=\"avia_inline_auto\" id=\"style-css-av-1zmu72-990888dd8c63b51cf3b184ec3732fccc\">\n.flex_column.av-1zmu72-990888dd8c63b51cf3b184ec3732fccc{\nborder-radius:0px 0px 0px 0px;\npadding:0px 0px 0px 0px;\n}\n<\/style>\n<div  class='flex_column av-1zmu72-990888dd8c63b51cf3b184ec3732fccc av_one_full  avia-builder-el-3  el_after_av_hr  avia-builder-el-last  first flex_column_div av-zero-column-padding  '     ><section  class='av_textblock_section av-k8q0yjw2-9673e9c1858eb7cbb19ba057d756cd39 '   itemscope=\"itemscope\" itemtype=\"https:\/\/schema.org\/CreativeWork\" ><div class='avia_textblock'  itemprop=\"text\" ><h3>Datenschutzerkl\u00e4rung f\u00fcr Besucher der Internetangebote des Judo Holzhausen e.V.<\/h3>\n<p>(g\u00fcltig ab 25.Mai 2018)<\/p>\n<p>Verantwortlich f\u00fcr die Datenverarbeitung dieses Angebots im Sinne des Datenschutzrechts ist der:<br \/>\nJudo Holzhausen e.V.<br \/>\nElsterweg 10<br \/>\n04316 Leipzig<\/p>\n<p>Diese Datenschutzerkl\u00e4rung gilt nicht f\u00fcr Mitglieder des Vereins Judo Holzhausen e.V..\u2028F\u00fcr diese gilt eine eigene Datenschutzerkl\u00e4rung, da f\u00fcr die Vereinsarbeit im Unterschied\u2028zum Vereinsauftritt im Internet eine andere Datenerhebung erfolgt.<\/p>\n<p>Rechtsgrundlage f\u00fcr die Verarbeitung von Daten ist Art. 6 Abs. 1 S. 1 f) DSGVO<\/p>\n<p><strong>Die Internetangebote des Judo Holzhausen e.V. dienen ausschlie\u00dflich der Vereinspr\u00e4sentation und verfolgen keinen kommerziellen Zweck.<\/strong><\/p>\n<p>F\u00fcr Sie als Besucher dieser Angebote dient diese Datenschutzerkl\u00e4rung zur Information.<\/p>\n<p><strong>A: Erhebung pers\u00f6nlicher Daten<\/strong><\/p>\n<p>Von Besuchern unserer Internetangebote werden ausschlie\u00dflich die im Anschluss genannten Daten in der Regel jedoch nicht durch Judo Holzhausen e.V. sondern ggf. bei unseren Dienstleistern\/ Vertragspartnern durch Nutzung deren Leistungen erhoben \/ gespeichert.<\/p>\n<p><em>1. Email<\/em><br \/>\nUnter der Mailadresse &#8222;judo[Bindestrich]holzhausen[at]arcor[punkt]de&#8220; findet die Kommunikation mit dem Verein statt. Anbieter der Dienstleistung Email ist die Vodafone GmbH, Ferdinand-Braun-Platz 1 D-40549 D\u00fcsseldorf<\/p>\n<ul>\n<li>Sollten Sie ein unbekannter, neuer Interessent sein, der eine Nachricht an uns sendet, wird Ihre Mailadresse nach Beantwortung Ihrer Nachricht aus unserem Mailkonto gel\u00f6scht.<\/li>\n<li>Sollten Sie ein wiederkehrender Kontakt wie ein anderer Verein, Verband oder \u00f6ffentliche Institution sein, wird Ihre Emailadresse f\u00fcr die Dauer des m\u00f6glichen Kontaktes unter unserem Konto auf dem Mailserver der Vodafone Deutschland vorgehalten.<\/li>\n<li>Erst durch Mitgliedschaft im Judo Holzhausen e.V. wird Ihre Emailadresse bei Judo Holzhausen e.V. zus\u00e4tzlich au\u00dferhalb o.g. Mailkontos im Mitgliederverzeichnis des Vereins offline vorgehalten.<\/li>\n<\/ul>\n<p>F\u00fcr weitere Fragen des Datenschutzes des Dienstleisters bei der Nutzung des Emaildienstes selbst verweisen wir auf dessen Datenschutzerkl\u00e4rung: https:\/\/www.vodafone.de\/unternehmen\/datenschutz-privatsphaere.html<\/p>\n<p><em>2. Internet-Pr\u00e4senz (Domain)\u2028<\/em><\/p>\n<p>Wir nutzen diese Domain: judo-holzhausen[punkt]de. Sie wird durch einen sogenannten Internet-Hoster mit dem Internet verbunden. Unser Dienstleister ist die Hofmeir Media GmbH, Kranzhornstr. 3 81825 M\u00fcnchen Im Verarbeitungsprozess eines Aufrufs unserer Internetseiten m\u00fcssen vom Hoster technisch bedingt bestimmte Daten wie IP-Adresse des Aufrufers erfasst werden. Diese vom Hoster erfassten Daten werden dem Judo Holzhausen e.V. nicht \u00fcbermittelt. Bitte informieren Sie sich ggf. In der Datenschutzerl\u00e4rung der Hofmeir Media GmbH:\u00a0 <a href=\"https:\/\/www.hofmeirmedia.net\/Datenschutz.html\" target=\"_blank\" rel=\"noopener\">https:\/\/www.hofmeirmedia.net\/Datenschutz.html<\/a><\/p>\n<p><em>3. Inhalts-Anbieter (Content-Provider) &#8211; Homepage<\/em><\/p>\n<p>Unsere Homepage ist eine &#8222;Google Sites&#8220; Homepage (automatische Weiterleitung des Domainaufrufs nach ebenda) des Anbieters Google Deutschland, Claude Debussylaan 34, 15th Floor, NL 1082 MD Amsterdam.\u2028Hier verh\u00e4lt es sich \u00e4hnlich wie beim Webhoster selbst, dass bestimmte Daten des Besuchers zur Erm\u00f6glichung des Dienstes ermittelt werden m\u00fcssen.Um den Service Homepage in Anspruch nehmen zu k\u00f6nnen, bedarf es eines Google-Kontos des Judo-Holzhausen e.V. beim Anbieter Google. Damit sind wir selbst de facto ebenso Besucher\/Nutzer von Google Dienstleistungen wie die Besucher unserer Homepage. Wir verweisen deshalb auf die Datenschutzerkl\u00e4rung der Google Deutschland:<\/p>\n<p><a href=\"https:\/\/policies.google.com\/privacy\/update?hl=de&amp;gl=de\" target=\"_blank\" rel=\"noopener\">https:\/\/policies.google.com\/privacy\/update?hl=de&amp;gl=de<\/a><\/p>\n<p>Dort haben Sie prinzipiell die M\u00f6glichkeit, Ihre beim Anbieter Google (auch die nicht im Zusammenhang mit der Nutzung unserer Homepage) generierten Daten anzusehen und zu verwalten.<\/p>\n<p>Die Anbieter in 2. und 3. stellen weiterhin sicher, dass Kommunikation zu unseren Webseiten nur noch auf verschl\u00fcsselter https-Kommunikation betrieben wird und von Ihnen eingegebene Daten nicht unverschl\u00fcsselt von Dritten auf deren Angeboten mitgelesen werden k\u00f6nnen.<\/p>\n<p><em>4. Google My Business<\/em><\/p>\n<p>Weiterhin nutzen wir diese Dienstleistung der Google Deutschland. Zweck ist die Verortung unseres Vereins in den Angeboten von Google (Maps). Durch diesen Dienst stellt uns Google au\u00dferdem ff. Daten zur Verf\u00fcgung:<\/p>\n<ul>\n<li>Anzahl der Suchergebnisse von Google-Nutzern (anonymisiert, keine pers\u00f6nlischen Daten), in denen Judo Holzhausen e.V. von der Suchmaschine Anwendern genannt wurde.<\/li>\n<li>Anzahl unserer Homepagebesucher (anonymisiert, keine pers\u00f6nlischen Daten) aus 3.<\/li>\n<li>Anzahl der Wegbeschreibungen zu unserem Standort (anonymisiert, keine pers\u00f6nlischen Daten wie Ausgangspunkt o.\u00e4)<\/li>\n<li>Rezensionen unseres Vereins \u00fcber Google (hierbei wird der Google Account des Rezensenten genannt)<\/li>\n<\/ul>\n<p>Diese Dienstleistungen obliegen der Google Deutschland und genannte Daten werden von uns nicht weiterverarbeitet. Wir verweisen deshalb ebenfalls auf die Datenschutzerkl\u00e4rung der Google Deutschland: <a href=\"https:\/\/policies.google.com\/privacy\/update?hl=de&amp;gl=de\" target=\"_blank\" rel=\"noopener\">https:\/\/policies.google.com\/privacy\/update?hl=de&amp;gl=de<\/a><\/p>\n<p><em>5. Verlinkungen zu anderen Diensten im Internet (Facebook, Instagram, Onlineshop)<\/em><\/p>\n<p>Dies sind externe Angebote und es gelten die Datenschutzerkl\u00e4rungen der jeweiligen Anbieter. F\u00fcr die Inhalte und erhobene Daten von Internetseiten und -diensten fremder Anbieter \u00fcbernehmen wir keine Haftung.<\/p>\n<p><strong>B. Daten\u00fcbermittlung durch Judo Holzhausen e.V.<\/strong><\/p>\n<p>Judo Holzhausen e.V. \u00fcbermittelt keine pers\u00f6nlichen Daten von Besuchern seiner Internetangebote an Dritte, weder in- noch au\u00dferhalb der Europ\u00e4ischen Union.<\/p>\n<p><strong>C. Dauer der Datenspeicherung<\/strong><\/p>\n<p>Judo Holzhausen selbst speichert au\u00dfer vorher genannter keine pers\u00f6nlichen Daten von Besuchern seiner Internetangebote.<\/p>\n<p><strong>D. Ihre Rechte und Beschwerdem\u00f6glichkeiten als Besucher unserer Internetangebote<\/strong><\/p>\n<p>Sie haben gegen\u00fcber Judo Holzhausen e.V. das<\/p>\n<ul>\n<li>Recht auf Auskunft erhobener Daten (siehe dazu dieses Dokument)<\/li>\n<li>Recht auf Berichtigung oder L\u00f6schung, sofern Daten erhoben wurden<\/li>\n<li>Recht auf Einschr\u00e4nkung der Verarbeitung, sofern Daten erhoben wurden<\/li>\n<li>Recht auf Widerruf Ihrer Einwilligung zur Datenverarbeitung, sofern Daten erhoben wurden<\/li>\n<li>Recht auf Widerspruch gegen die Verarbeitung, sofern Daten erhoben wurden<\/li>\n<li>Recht auf Daten\u00fcbertragbarkeit sofern Daten erhoben wurden.<\/li>\n<\/ul>\n<p>Sie k\u00f6nnen s\u00e4mtliche dieser Rechte geltend machen, indem Sie sich bitte unter der in Abschnitt A in 1. genannten Email Adresse oder schriftlich (Adresse: Elsterweg 10, 04316 Leipzig) an uns wenden.\u2028Sie haben zudem das Recht, sich bei einer Datenschutz-Aufsichtsbeh\u00f6rde \u00fcber die Verarbeitung Ihrer personenbezogenen Daten durch uns zu beschweren.<\/p>\n<p>Der Vorstand<\/p>\n<\/div><\/section><\/div>\n","protected":false},"excerpt":{"rendered":"","protected":false},"author":1,"featured_media":0,"parent":0,"menu_order":0,"comment_status":"closed","ping_status":"closed","template":"","meta":{"footnotes":""},"class_list":["post-8305","page","type-page","status-publish","hentry"],"yoast_head":"<!-- This site is optimized with the Yoast SEO plugin v26.6 - https:\/\/yoast.com\/wordpress\/plugins\/seo\/ -->\n<title>Datenschutz - Judo Holzhausen<\/title>\n<meta name=\"robots\" content=\"noindex, follow, max-snippet:-1, max-image-preview:large, max-video-preview:-1\" \/>\n<meta property=\"og:locale\" content=\"de_DE\" \/>\n<meta property=\"og:type\" content=\"article\" \/>\n<meta property=\"og:title\" content=\"Datenschutz - Judo Holzhausen\" \/>\n<meta property=\"og:url\" content=\"https:\/\/judo-holzhausen.de\/2025\/datenschutz\/\" \/>\n<meta property=\"og:site_name\" content=\"Judo Holzhausen\" \/>\n<meta property=\"article:modified_time\" content=\"2021-03-19T10:47:48+00:00\" \/>\n<meta name=\"twitter:card\" content=\"summary_large_image\" \/>\n<meta name=\"twitter:label1\" content=\"Gesch\u00e4tzte Lesezeit\" \/>\n\t<meta name=\"twitter:data1\" content=\"7\u00a0Minuten\" \/>\n<script type=\"application\/ld+json\" class=\"yoast-schema-graph\">{\"@context\":\"https:\/\/schema.org\",\"@graph\":[{\"@type\":\"WebPage\",\"@id\":\"https:\/\/judo-holzhausen.de\/2025\/datenschutz\/\",\"url\":\"https:\/\/judo-holzhausen.de\/2025\/datenschutz\/\",\"name\":\"Datenschutz - Judo Holzhausen\",\"isPartOf\":{\"@id\":\"https:\/\/judo-holzhausen.de\/2025\/#website\"},\"datePublished\":\"2020-04-07T14:50:27+00:00\",\"dateModified\":\"2021-03-19T10:47:48+00:00\",\"breadcrumb\":{\"@id\":\"https:\/\/judo-holzhausen.de\/2025\/datenschutz\/#breadcrumb\"},\"inLanguage\":\"de\",\"potentialAction\":[{\"@type\":\"ReadAction\",\"target\":[\"https:\/\/judo-holzhausen.de\/2025\/datenschutz\/\"]}]},{\"@type\":\"BreadcrumbList\",\"@id\":\"https:\/\/judo-holzhausen.de\/2025\/datenschutz\/#breadcrumb\",\"itemListElement\":[{\"@type\":\"ListItem\",\"position\":1,\"name\":\"Startseite\",\"item\":\"https:\/\/judo-holzhausen.de\/2025\/\"},{\"@type\":\"ListItem\",\"position\":2,\"name\":\"Datenschutz\"}]},{\"@type\":\"WebSite\",\"@id\":\"https:\/\/judo-holzhausen.de\/2025\/#website\",\"url\":\"https:\/\/judo-holzhausen.de\/2025\/\",\"name\":\"Judo Holzhausen\",\"description\":\"Willkommen bei den Judoka des Judo Holzhausen e.V.\",\"potentialAction\":[{\"@type\":\"SearchAction\",\"target\":{\"@type\":\"EntryPoint\",\"urlTemplate\":\"https:\/\/judo-holzhausen.de\/2025\/?s={search_term_string}\"},\"query-input\":{\"@type\":\"PropertyValueSpecification\",\"valueRequired\":true,\"valueName\":\"search_term_string\"}}],\"inLanguage\":\"de\"}]}<\/script>\n<!-- \/ Yoast SEO plugin. -->","yoast_head_json":{"title":"Datenschutz - Judo Holzhausen","robots":{"index":"noindex","follow":"follow","max-snippet":"max-snippet:-1","max-image-preview":"max-image-preview:large","max-video-preview":"max-video-preview:-1"},"og_locale":"de_DE","og_type":"article","og_title":"Datenschutz - Judo Holzhausen","og_url":"https:\/\/judo-holzhausen.de\/2025\/datenschutz\/","og_site_name":"Judo Holzhausen","article_modified_time":"2021-03-19T10:47:48+00:00","twitter_card":"summary_large_image","twitter_misc":{"Gesch\u00e4tzte Lesezeit":"7\u00a0Minuten"},"schema":{"@context":"https:\/\/schema.org","@graph":[{"@type":"WebPage","@id":"https:\/\/judo-holzhausen.de\/2025\/datenschutz\/","url":"https:\/\/judo-holzhausen.de\/2025\/datenschutz\/","name":"Datenschutz - Judo Holzhausen","isPartOf":{"@id":"https:\/\/judo-holzhausen.de\/2025\/#website"},"datePublished":"2020-04-07T14:50:27+00:00","dateModified":"2021-03-19T10:47:48+00:00","breadcrumb":{"@id":"https:\/\/judo-holzhausen.de\/2025\/datenschutz\/#breadcrumb"},"inLanguage":"de","potentialAction":[{"@type":"ReadAction","target":["https:\/\/judo-holzhausen.de\/2025\/datenschutz\/"]}]},{"@type":"BreadcrumbList","@id":"https:\/\/judo-holzhausen.de\/2025\/datenschutz\/#breadcrumb","itemListElement":[{"@type":"ListItem","position":1,"name":"Startseite","item":"https:\/\/judo-holzhausen.de\/2025\/"},{"@type":"ListItem","position":2,"name":"Datenschutz"}]},{"@type":"WebSite","@id":"https:\/\/judo-holzhausen.de\/2025\/#website","url":"https:\/\/judo-holzhausen.de\/2025\/","name":"Judo Holzhausen","description":"Willkommen bei den Judoka des Judo Holzhausen e.V.","potentialAction":[{"@type":"SearchAction","target":{"@type":"EntryPoint","urlTemplate":"https:\/\/judo-holzhausen.de\/2025\/?s={search_term_string}"},"query-input":{"@type":"PropertyValueSpecification","valueRequired":true,"valueName":"search_term_string"}}],"inLanguage":"de"}]}},"_links":{"self":[{"href":"https:\/\/judo-holzhausen.de\/2025\/wp-json\/wp\/v2\/pages\/8305","targetHints":{"allow":["GET"]}}],"collection":[{"href":"https:\/\/judo-holzhausen.de\/2025\/wp-json\/wp\/v2\/pages"}],"about":[{"href":"https:\/\/judo-holzhausen.de\/2025\/wp-json\/wp\/v2\/types\/page"}],"author":[{"embeddable":true,"href":"https:\/\/judo-holzhausen.de\/2025\/wp-json\/wp\/v2\/users\/1"}],"replies":[{"embeddable":true,"href":"https:\/\/judo-holzhausen.de\/2025\/wp-json\/wp\/v2\/comments?post=8305"}],"version-history":[{"count":7,"href":"https:\/\/judo-holzhausen.de\/2025\/wp-json\/wp\/v2\/pages\/8305\/revisions"}],"predecessor-version":[{"id":8711,"href":"https:\/\/judo-holzhausen.de\/2025\/wp-json\/wp\/v2\/pages\/8305\/revisions\/8711"}],"wp:attachment":[{"href":"https:\/\/judo-holzhausen.de\/2025\/wp-json\/wp\/v2\/media?parent=8305"}],"curies":[{"name":"wp","href":"https:\/\/api.w.org\/{rel}","templated":true}]}}